{"id":658,"date":"2022-02-20T05:44:47","date_gmt":"2022-02-20T05:44:47","guid":{"rendered":"https:\/\/demo.creativethemes.com\/stagingthree\/?page_id=658"},"modified":"2024-01-19T18:51:26","modified_gmt":"2024-01-19T23:51:26","slug":"contact","status":"publish","type":"page","link":"https:\/\/cristorey-fundacion.com\/index.php\/contact\/","title":{"rendered":"Contacto"},"content":{"rendered":"\n<div class=\"wp-block-stackable-spacer stk-block-spacer stk--no-padding stk-block stk-6090630\" data-block-id=\"6090630\"><style>.stk-6090630{height:130px !important}@media screen and (max-width:1023px){.stk-6090630{height:80px !important}}<\/style><\/div>\n\n\n\n<div class=\"wp-block-stackable-heading stk-block-heading stk-block-heading--v2 stk-block stk-41f6f5a\" id=\"informacion-importante\" data-block-id=\"41f6f5a\"><style>.stk-41f6f5a{margin-bottom:16px !important}.stk-41f6f5a .stk-block-heading__text{line-height:1.2em !important}<\/style><h2 class=\"stk-block-heading__text has-text-align-center\">Informaci\u00f3n importante<\/h2><\/div>\n\n\n\n<div class=\"wp-block-stackable-text stk-block-text stk-block stk-8e78d5e\" data-block-id=\"8e78d5e\"><style>.stk-8e78d5e{margin-bottom:0px !important}<\/style><p class=\"stk-block-text__text has-text-align-center\">P\u00f3ngase en contacto con nosotros<\/p><\/div>\n\n\n\n<div class=\"wp-block-stackable-spacer stk-block-spacer stk--no-padding stk-block stk-54e71a5\" data-block-id=\"54e71a5\"><style>.stk-54e71a5{height:70px !important}@media screen and (max-width:1023px){.stk-54e71a5{height:50px !important}}<\/style><\/div>\n\n\n\n<div class=\"wp-block-stackable-columns stk-block-columns stk-block stk-a5bc981\" data-block-id=\"a5bc981\"><style>.stk-a5bc981{margin-bottom:0px !important}.stk-a5bc981-column{--stk-column-gap:35px !important;row-gap:50px !important}<\/style><div class=\"stk-row stk-inner-blocks stk-block-content stk-content-align stk-a5bc981-column\">\n<div class=\"wp-block-stackable-column stk-block-column stk-column stk-block stk-622c7a4 stk-block-background\" data-v=\"4\" data-block-id=\"622c7a4\"><style>.stk-622c7a4-container{margin-top:0px !important;margin-right:0px !important;margin-bottom:0px !important;margin-left:0px !important}.stk-622c7a4{background-color:var(--theme-palette-color-8,#ffffff) !important;border-radius:12px !important;overflow:hidden !important;box-shadow:0px 20px 80px 0px rgba(104,114,121,0.1) !important;padding-top:35px !important;padding-right:35px !important;padding-bottom:50px !important;padding-left:35px !important}.stk-622c7a4:before{background-color:var(--theme-palette-color-8,#ffffff) !important}@media screen and (max-width:1023px){.stk-622c7a4{padding-top:35px !important;padding-right:35px !important;padding-bottom:35px !important;padding-left:35px !important}}<\/style><div class=\"stk-column-wrapper stk-block-column__content stk-container stk-622c7a4-container stk--no-background stk--no-padding\"><div class=\"has-text-align-center stk-block-content stk-inner-blocks stk-622c7a4-inner-blocks\">\n<div class=\"wp-block-stackable-icon stk-block-icon has-text-align-center stk-block stk-ea85267\" data-block-id=\"ea85267\"><style>.stk-ea85267{margin-bottom:25px !important}.stk-ea85267 .stk--svg-wrapper .stk--inner-svg svg:last-child{height:30px !important;width:30px !important}.stk-ea85267 .stk--svg-wrapper .stk--inner-svg svg:last-child,.stk-ea85267 .stk--svg-wrapper .stk--inner-svg svg:last-child :is(g,path,rect,polygon,ellipse){fill:var(--theme-palette-color-2,#f7b500) !important}<\/style><span class=\"stk--svg-wrapper\"><div class=\"stk--inner-svg\"><svg style=\"height:0;width:0\"><defs><linearGradient id=\"linear-gradient-ea85267\" x1=\"0\" x2=\"100%\" y1=\"0\" y2=\"0\"><stop offset=\"0%\" style=\"stop-opacity:1;stop-color:var(--linear-gradient-ea-85267-color-1)\"><\/stop><stop offset=\"100%\" style=\"stop-opacity:1;stop-color:var(--linear-gradient-ea-85267-color-2)\"><\/stop><\/linearGradient><\/defs><\/svg><svg aria-hidden=\"true\" focusable=\"false\" data-prefix=\"fas\" data-icon=\"map-marker-alt\" class=\"svg-inline--fa fa-map-marker-alt fa-w-12\" xmlns=\"http:\/\/www.w3.org\/2000\/svg\" viewBox=\"0 0 384 512\" width=\"32\" height=\"32\"><path fill=\"currentColor\" d=\"M172.268 501.67C26.97 291.031 0 269.413 0 192 0 85.961 85.961 0 192 0s192 85.961 192 192c0 77.413-26.97 99.031-172.268 309.67-9.535 13.774-29.93 13.773-39.464 0zM192 272c44.183 0 80-35.817 80-80s-35.817-80-80-80-80 35.817-80 80 35.817 80 80 80z\"><\/path><\/svg><\/div><\/span><\/div>\n\n\n\n<div class=\"wp-block-stackable-heading stk-block-heading stk-block-heading--v2 stk-block stk-592ef48\" id=\"direccion-fisica\" data-block-id=\"592ef48\"><style>.stk-592ef48{margin-bottom:8px !important}<\/style><h5 class=\"stk-block-heading__text\">Direcci\u00f3n F\u00edsica<\/h5><\/div>\n\n\n\n<p class=\"has-text-align-center\">Calle 12 No 1-81<br>Tubar\u00e1- Atl\u00e1ntico, Colombia<\/p>\n<\/div><\/div><\/div>\n\n\n\n<div class=\"wp-block-stackable-column stk-block-column stk-column stk-block stk-92b5a22 stk-block-background\" data-v=\"4\" data-block-id=\"92b5a22\"><style>.stk-92b5a22-container{margin-top:0px !important;margin-right:0px !important;margin-bottom:0px !important;margin-left:0px !important}.stk-92b5a22{background-color:var(--theme-palette-color-8,#ffffff) !important;border-radius:12px !important;overflow:hidden !important;box-shadow:0px 20px 80px 0px rgba(104,114,121,0.1) !important;padding-top:35px !important;padding-right:35px !important;padding-bottom:50px !important;padding-left:35px !important}.stk-92b5a22:before{background-color:var(--theme-palette-color-8,#ffffff) !important}@media screen and (max-width:1023px){.stk-92b5a22{padding-top:35px !important;padding-right:35px !important;padding-bottom:35px !important;padding-left:35px !important}}<\/style><div class=\"stk-column-wrapper stk-block-column__content stk-container stk-92b5a22-container stk--no-background stk--no-padding\"><div class=\"has-text-align-center stk-block-content stk-inner-blocks stk-92b5a22-inner-blocks\">\n<div class=\"wp-block-stackable-icon stk-block-icon has-text-align-center stk-block stk-d34828e\" data-block-id=\"d34828e\"><style>.stk-d34828e{margin-bottom:25px !important}.stk-d34828e .stk--svg-wrapper .stk--inner-svg svg:last-child{height:30px !important;width:30px !important}.stk-d34828e .stk--svg-wrapper .stk--inner-svg svg:last-child,.stk-d34828e .stk--svg-wrapper .stk--inner-svg svg:last-child :is(g,path,rect,polygon,ellipse){fill:var(--theme-palette-color-2,#f7b500) !important}<\/style><span class=\"stk--svg-wrapper\"><div class=\"stk--inner-svg\"><svg style=\"height:0;width:0\"><defs><linearGradient id=\"linear-gradient-d34828e\" x1=\"0\" x2=\"100%\" y1=\"0\" y2=\"0\"><stop offset=\"0%\" style=\"stop-opacity:1;stop-color:var(--linear-gradient-d-34828-e-color-1)\"><\/stop><stop offset=\"100%\" style=\"stop-opacity:1;stop-color:var(--linear-gradient-d-34828-e-color-2)\"><\/stop><\/linearGradient><\/defs><\/svg><svg aria-hidden=\"true\" focusable=\"false\" data-prefix=\"fas\" data-icon=\"clock\" class=\"svg-inline--fa fa-clock fa-w-16\" xmlns=\"http:\/\/www.w3.org\/2000\/svg\" viewBox=\"0 0 512 512\" width=\"32\" height=\"32\"><path fill=\"currentColor\" d=\"M256,8C119,8,8,119,8,256S119,504,256,504,504,393,504,256,393,8,256,8Zm92.49,313h0l-20,25a16,16,0,0,1-22.49,2.5h0l-67-49.72a40,40,0,0,1-15-31.23V112a16,16,0,0,1,16-16h32a16,16,0,0,1,16,16V256l58,42.5A16,16,0,0,1,348.49,321Z\"><\/path><\/svg><\/div><\/span><\/div>\n\n\n\n<div class=\"wp-block-stackable-heading stk-block-heading stk-block-heading--v2 stk-block stk-9334345\" id=\"horario-de-atencion\" data-block-id=\"9334345\"><style>.stk-9334345{margin-bottom:8px !important}<\/style><h5 class=\"stk-block-heading__text\">Horario de Atenci\u00f3n<\/h5><\/div>\n\n\n\n<p class=\"has-text-align-center\">Lunes a viernes: 8am &#8211; 5pm<br>S\u00e1bados: 8am &#8211; 12pm<\/p>\n<\/div><\/div><\/div>\n\n\n\n<div class=\"wp-block-stackable-column stk-block-column stk-column stk-block stk-5dedb98 stk-block-background\" data-v=\"4\" data-block-id=\"5dedb98\"><style>.stk-5dedb98-container{margin-top:0px !important;margin-right:0px !important;margin-bottom:0px !important;margin-left:0px !important}.stk-5dedb98{background-color:var(--theme-palette-color-8,#ffffff) !important;border-radius:12px !important;overflow:hidden !important;box-shadow:0px 20px 80px 0px rgba(104,114,121,0.1) !important;padding-top:35px !important;padding-right:35px !important;padding-bottom:50px !important;padding-left:35px !important}.stk-5dedb98:before{background-color:var(--theme-palette-color-8,#ffffff) !important}@media screen and (max-width:1023px){.stk-5dedb98{padding-top:35px !important;padding-right:35px !important;padding-bottom:35px !important;padding-left:35px !important}}<\/style><div class=\"stk-column-wrapper stk-block-column__content stk-container stk-5dedb98-container stk--no-background stk--no-padding\"><div class=\"has-text-align-center stk-block-content stk-inner-blocks stk-5dedb98-inner-blocks\">\n<div class=\"wp-block-stackable-icon stk-block-icon has-text-align-center stk-block stk-a02b7b8\" data-block-id=\"a02b7b8\"><style>.stk-a02b7b8{margin-bottom:25px !important}.stk-a02b7b8 .stk--svg-wrapper .stk--inner-svg svg:last-child{height:30px !important;width:30px !important}.stk-a02b7b8 .stk--svg-wrapper .stk--inner-svg svg:last-child,.stk-a02b7b8 .stk--svg-wrapper .stk--inner-svg svg:last-child :is(g,path,rect,polygon,ellipse){fill:var(--theme-palette-color-2,#f7b500) !important}<\/style><span class=\"stk--svg-wrapper\"><div class=\"stk--inner-svg\"><svg style=\"height:0;width:0\"><defs><linearGradient id=\"linear-gradient-a02b7b8\" x1=\"0\" x2=\"100%\" y1=\"0\" y2=\"0\"><stop offset=\"0%\" style=\"stop-opacity:1;stop-color:var(--linear-gradient-a-02-b-7-b-8-color-1)\"><\/stop><stop offset=\"100%\" style=\"stop-opacity:1;stop-color:var(--linear-gradient-a-02-b-7-b-8-color-2)\"><\/stop><\/linearGradient><\/defs><\/svg><svg aria-hidden=\"true\" focusable=\"false\" data-prefix=\"fas\" data-icon=\"mobile\" class=\"svg-inline--fa fa-mobile fa-w-10\" xmlns=\"http:\/\/www.w3.org\/2000\/svg\" viewBox=\"0 0 320 512\" width=\"32\" height=\"32\"><path fill=\"currentColor\" d=\"M272 0H48C21.5 0 0 21.5 0 48v416c0 26.5 21.5 48 48 48h224c26.5 0 48-21.5 48-48V48c0-26.5-21.5-48-48-48zM160 480c-17.7 0-32-14.3-32-32s14.3-32 32-32 32 14.3 32 32-14.3 32-32 32z\"><\/path><\/svg><\/div><\/span><\/div>\n\n\n\n<div class=\"wp-block-stackable-heading stk-block-heading stk-block-heading--v2 stk-block stk-583731d\" id=\"numeros-telefonicos\" data-block-id=\"583731d\"><style>.stk-583731d{margin-bottom:8px !important}<\/style><h5 class=\"stk-block-heading__text\">N\u00fameros telef\u00f3nicos<\/h5><\/div>\n\n\n\n<p class=\"has-text-align-center\">+(57) 3025327999<br>Whatspp  3146899345 <\/p>\n<\/div><\/div><\/div>\n<\/div><\/div>\n\n\n\n<div class=\"wp-block-stackable-spacer stk-block-spacer stk--no-padding stk-block stk-0285952\" data-block-id=\"0285952\"><style>.stk-0285952{height:70px !important}@media screen and (max-width:1023px){.stk-0285952{height:50px !important}}<\/style><\/div>\n\n\n\n<div class=\"wp-block-stackable-columns stk-block-columns stk-block stk-0d2d598\" data-block-id=\"0d2d598\"><style>.stk-0d2d598{margin-bottom:0px !important}<\/style><div class=\"stk-row stk-inner-blocks stk-block-content stk-content-align stk-0d2d598-column\">\n<div class=\"wp-block-stackable-column stk-block-column stk-column stk-block stk-b86ed53\" data-v=\"4\" data-block-id=\"b86ed53\"><div class=\"stk-column-wrapper stk-block-column__content stk-container stk-b86ed53-container stk--no-background stk--no-padding\"><div class=\"stk-block-content stk-inner-blocks stk-b86ed53-inner-blocks\">\n<div class=\"wp-block-stackable-heading stk-block-heading stk-block-heading--v2 stk-block stk-0350d95\" id=\"envia-un-mail\" data-block-id=\"0350d95\"><h2 class=\"stk-block-heading__text\">Env\u00eda un mail<\/h2><\/div>\n<\/div><\/div><\/div>\n<\/div><\/div>\n\n\n\n<div class=\"wp-block-columns is-layout-flex wp-container-core-columns-is-layout-28f84493 wp-block-columns-is-layout-flex\" data-block-type=\"core\">\n<div class=\"wp-block-column is-layout-flow wp-block-column-is-layout-flow\" style=\"flex-basis:100%\" data-block-type=\"core\"><p data-block-type=\"core\">\n<div class=\"wpcf7 no-js\" id=\"wpcf7-f1064-o1\" lang=\"es-ES\" dir=\"ltr\">\n<div class=\"screen-reader-response\"><p role=\"status\" aria-live=\"polite\" aria-atomic=\"true\"><\/p> <ul><\/ul><\/div>\n<form action=\"\/index.php\/wp-json\/wp\/v2\/pages\/658#wpcf7-f1064-o1\" method=\"post\" class=\"wpcf7-form init\" aria-label=\"Formulario de contacto\" novalidate=\"novalidate\" data-status=\"init\">\n<div style=\"display: none;\">\n<input type=\"hidden\" name=\"_wpcf7\" value=\"1064\" \/>\n<input type=\"hidden\" name=\"_wpcf7_version\" value=\"5.9.3\" \/>\n<input type=\"hidden\" name=\"_wpcf7_locale\" value=\"es_ES\" \/>\n<input type=\"hidden\" name=\"_wpcf7_unit_tag\" value=\"wpcf7-f1064-o1\" \/>\n<input type=\"hidden\" name=\"_wpcf7_container_post\" value=\"0\" \/>\n<input type=\"hidden\" name=\"_wpcf7_posted_data_hash\" value=\"\" \/>\n<\/div>\n<p><label> Tu nombre<br \/>\n<span class=\"wpcf7-form-control-wrap\" data-name=\"your-name\"><input size=\"40\" class=\"wpcf7-form-control wpcf7-text wpcf7-validates-as-required\" autocomplete=\"name\" aria-required=\"true\" aria-invalid=\"false\" value=\"\" type=\"text\" name=\"your-name\" \/><\/span> <\/label>\n<\/p>\n<p><label> Tu correo electr\u00f3nico<br \/>\n<span class=\"wpcf7-form-control-wrap\" data-name=\"your-email\"><input size=\"40\" class=\"wpcf7-form-control wpcf7-email wpcf7-validates-as-required wpcf7-text wpcf7-validates-as-email\" autocomplete=\"email\" aria-required=\"true\" aria-invalid=\"false\" value=\"\" type=\"email\" name=\"your-email\" \/><\/span> <\/label>\n<\/p>\n<p><label> Asunto<br \/>\n<span class=\"wpcf7-form-control-wrap\" data-name=\"your-subject\"><input size=\"40\" class=\"wpcf7-form-control wpcf7-text wpcf7-validates-as-required\" aria-required=\"true\" aria-invalid=\"false\" value=\"\" type=\"text\" name=\"your-subject\" \/><\/span> <\/label>\n<\/p>\n<p><label> Tu mensaje (opcional)<br \/>\n<span class=\"wpcf7-form-control-wrap\" data-name=\"your-message\"><textarea cols=\"40\" rows=\"10\" class=\"wpcf7-form-control wpcf7-textarea\" aria-invalid=\"false\" name=\"your-message\"><\/textarea><\/span> <\/label>\n<\/p>\n<p><input class=\"wpcf7-form-control wpcf7-submit has-spinner\" type=\"submit\" value=\"Enviar\" \/>\n<\/p><div class=\"wpcf7-response-output\" aria-hidden=\"true\"><\/div>\n<\/form>\n<\/div>\n<\/p>\n<\/div>\n<\/div>\n\n\n\n<div class=\"wp-block-stackable-columns alignfull stk-block-columns stk-block stk-fa06ac5 stk-block-background stk--has-background-overlay\" data-block-id=\"fa06ac5\"><style>.stk-fa06ac5 .stk--block-align-fa06ac5{align-items:center !important}.stk-fa06ac5{background-color:#000000 !important;background-image:url(https:\/\/cristorey-fundacion.com\/wp-content\/uploads\/2020\/06\/cta-background.jpg) !important;padding-top:150px !important;padding-bottom:150px !important;margin-bottom:0px !important}.stk-fa06ac5:before{background-color:#000000 !important;opacity:0.3 !important}.stk-fa06ac5-column{--stk-column-gap:35px !important}@media screen and (max-width:1023px){.stk-fa06ac5{padding-top:100px !important;padding-bottom:100px !important}}<\/style><div class=\"stk-row stk-inner-blocks stk--block-align-fa06ac5 stk-block-content stk-content-align stk-fa06ac5-column\">\n<div class=\"wp-block-stackable-column stk-block-column stk-column stk-block stk-fedc1ed\" data-v=\"4\" data-block-id=\"fedc1ed\"><style>.stk-fedc1ed-container{margin-top:0px !important;margin-right:0px !important;margin-bottom:0px !important;margin-left:0px !important}@media screen and (min-width:768px) and (max-width:1023px){.stk-fedc1ed{flex:0 1 calc(100% - var(--stk-column-gap,0px) * 0 \/ 1 ) !important}}<\/style><div class=\"stk-column-wrapper stk-block-column__content stk-container stk-fedc1ed-container stk--no-background stk--no-padding\"><div class=\"stk-block-content stk-inner-blocks stk-fedc1ed-inner-blocks\">\n<div class=\"wp-block-stackable-text stk-block-text stk-block stk-364ff0d\" data-block-id=\"364ff0d\"><style>.stk-364ff0d{margin-bottom:10px !important}.stk-364ff0d .stk-block-text__text{color:var(--theme-palette-color-5,#edeff2) !important}<\/style><p class=\"stk-block-text__text has-text-color has-palette-color-5-color has-text-align-center-mobile\">H\u00e1gase voluntario<\/p><\/div>\n\n\n\n<div class=\"wp-block-stackable-divider stk-block-divider stk--hide-mobile has-text-align-left stk-block stk-dcead3d is-style-bar\" data-block-id=\"dcead3d\"><style>.stk-dcead3d{margin-bottom:15px !important}.stk-dcead3d hr.stk-block-divider__hr{background:var(--theme-palette-color-1,#ffcd05) !important;border-radius:calc(4px \/ 2) !important;height:4px !important;width:17% !important}<\/style><hr class=\"stk-block-divider__hr\"\/><\/div>\n\n\n\n<div class=\"wp-block-stackable-heading stk-block-heading stk-block-heading--v2 stk-block stk-c386a7c\" id=\"construyamos-juntos-una-vida-hermosa-y-un-futuro-brillante\" data-block-id=\"c386a7c\"><style>.stk-c386a7c{margin-bottom:20px !important}.stk-c386a7c .stk-block-heading__text{font-size:50px !important;color:var(--theme-palette-color-8,#ffffff) !important;line-height:1.2em !important}@media screen and (max-width:1023px){.stk-c386a7c .stk-block-heading__text{font-size:40px !important}}<\/style><h2 class=\"stk-block-heading__text has-text-color has-palette-color-8-color has-text-align-center-mobile\">Construyamos juntos una vida hermosa y un futuro brillante<\/h2><\/div>\n\n\n\n<div class=\"wp-block-stackable-text stk-block-text stk-block stk-35e8da2\" data-block-id=\"35e8da2\"><style>.stk-35e8da2{margin-bottom:40px !important}.stk-35e8da2 .stk-block-text__text{color:var(--theme-palette-color-5,#edeff2) !important}<\/style><p class=\"stk-block-text__text has-text-color has-palette-color-5-color has-text-align-center-mobile\">Entrenamiento, capacitaci\u00f3n y vinculaci\u00f3n en proyectos de beneficio com\u00fan<\/p><\/div>\n\n\n\n<div class=\"wp-block-stackable-button-group stk-block-button-group stk-block stk-743ddb6\" data-block-id=\"743ddb6\"><div class=\"stk-row stk-inner-blocks has-text-align-center-mobile stk-block-content stk-button-group\">\n<div class=\"wp-block-stackable-button stk-block-button stk-block stk-ad610b2\" data-block-id=\"ad610b2\"><style>.stk-ad610b2 .stk-button{padding-top:12px !important;padding-right:30px !important;padding-bottom:12px !important;padding-left:30px !important;border-radius:3px !important}.stk-ad610b2 .stk-button__inner-text{font-size:1.15em !important;color:var(--theme-palette-color-4,#111518) !important}@media screen and (max-width:1023px){.stk-ad610b2 .stk-button__inner-text{font-size:1.15em !important}}<\/style><a class=\"stk-link stk-button stk--hover-effect-darken\" href=\"\"><span class=\"has-text-color has-palette-color-4-color stk-button__inner-text\">Aplique ahora mismo<\/span><\/a><\/div>\n<\/div><\/div>\n<\/div><\/div><\/div>\n\n\n\n<div class=\"wp-block-stackable-column stk-block-column stk-column stk-block stk-87db624\" data-v=\"4\" data-block-id=\"87db624\"><style>.stk-87db624-container{margin-top:0px !important;margin-right:0px !important;margin-bottom:0px !important;margin-left:0px !important}@media screen and (min-width:768px) and (max-width:1023px){.stk-87db624{flex:0 1 calc(50% - var(--stk-column-gap,0px) * 0 \/ 1 ) !important}}<\/style><div class=\"stk-column-wrapper stk-block-column__content stk-container stk-87db624-container stk--no-background stk--no-padding\"><div class=\"stk-block-content stk-inner-blocks stk-87db624-inner-blocks\"><\/div><\/div><\/div>\n<\/div><\/div>\n","protected":false},"excerpt":{"rendered":"<p>Informaci\u00f3n importante P\u00f3ngase en contacto con nosotros Direcci\u00f3n F\u00edsica Calle 12 No 1-81Tubar\u00e1- Atl\u00e1ntico, Colombia Horario de Atenci\u00f3n Lunes a viernes: 8am &#8211; 5pmS\u00e1bados: 8am &#8211; 12pm N\u00fameros telef\u00f3nicos +(57) 3025327999Whatspp 3146899345 Env\u00eda un mail H\u00e1gase voluntario Construyamos juntos una vida hermosa y un futuro brillante Entrenamiento, capacitaci\u00f3n y vinculaci\u00f3n en proyectos de beneficio com\u00fan [&hellip;]<\/p>\n","protected":false},"author":1,"featured_media":361,"parent":0,"menu_order":0,"comment_status":"closed","ping_status":"closed","template":"","meta":{"_eb_attr":"","footnotes":""},"class_list":["post-658","page","type-page","status-publish","has-post-thumbnail","hentry"],"blocksy_meta":{"styles_descriptor":{"styles":{"desktop":"","tablet":"","mobile":""},"google_fonts":[],"version":6}},"featured_image_urls":{"full":["https:\/\/cristorey-fundacion.com\/wp-content\/uploads\/2020\/07\/contact-hero.jpg",1700,832,false],"thumbnail":["https:\/\/cristorey-fundacion.com\/wp-content\/uploads\/2020\/07\/contact-hero-150x150.jpg",150,150,true],"medium":["https:\/\/cristorey-fundacion.com\/wp-content\/uploads\/2020\/07\/contact-hero-300x147.jpg",300,147,true],"medium_large":["https:\/\/cristorey-fundacion.com\/wp-content\/uploads\/2020\/07\/contact-hero-768x376.jpg",768,376,true],"large":["https:\/\/cristorey-fundacion.com\/wp-content\/uploads\/2020\/07\/contact-hero-1024x501.jpg",1024,501,true],"1536x1536":["https:\/\/cristorey-fundacion.com\/wp-content\/uploads\/2020\/07\/contact-hero-1536x752.jpg",1536,752,true],"2048x2048":["https:\/\/cristorey-fundacion.com\/wp-content\/uploads\/2020\/07\/contact-hero.jpg",1700,832,false],"_nx_notification_thumb":["https:\/\/cristorey-fundacion.com\/wp-content\/uploads\/2020\/07\/contact-hero.jpg",100,49,false]},"post_excerpt_stackable":"<p>Informaci\u00f3n importante P\u00f3ngase en contacto con nosotros Direcci\u00f3n F\u00edsica Calle 12 No 1-81Tubar\u00e1- Atl\u00e1ntico, Colombia Horario de Atenci\u00f3n Lunes a viernes: 8am &#8211; 5pmS\u00e1bados: 8am &#8211; 12pm N\u00fameros telef\u00f3nicos +(57) 3025327999Whatspp 3146899345 Env\u00eda un mail Tu nombre Tu correo electr\u00f3nico Asunto Tu mensaje (opcional) H\u00e1gase voluntario Construyamos juntos una vida hermosa y un futuro brillante Entrenamiento, capacitaci\u00f3n y vinculaci\u00f3n en proyectos de beneficio com\u00fan Aplique ahora mismo<\/p>\n","category_list":"","author_info":{"name":"cristorey-fundacion.com","url":"https:\/\/cristorey-fundacion.com\/index.php\/author\/cristorey-fundacion-com\/"},"comments_num":"0 comentarios","_links":{"self":[{"href":"https:\/\/cristorey-fundacion.com\/index.php\/wp-json\/wp\/v2\/pages\/658","targetHints":{"allow":["GET"]}}],"collection":[{"href":"https:\/\/cristorey-fundacion.com\/index.php\/wp-json\/wp\/v2\/pages"}],"about":[{"href":"https:\/\/cristorey-fundacion.com\/index.php\/wp-json\/wp\/v2\/types\/page"}],"author":[{"embeddable":true,"href":"https:\/\/cristorey-fundacion.com\/index.php\/wp-json\/wp\/v2\/users\/1"}],"replies":[{"embeddable":true,"href":"https:\/\/cristorey-fundacion.com\/index.php\/wp-json\/wp\/v2\/comments?post=658"}],"version-history":[{"count":6,"href":"https:\/\/cristorey-fundacion.com\/index.php\/wp-json\/wp\/v2\/pages\/658\/revisions"}],"predecessor-version":[{"id":1068,"href":"https:\/\/cristorey-fundacion.com\/index.php\/wp-json\/wp\/v2\/pages\/658\/revisions\/1068"}],"wp:featuredmedia":[{"embeddable":true,"href":"https:\/\/cristorey-fundacion.com\/index.php\/wp-json\/wp\/v2\/media\/361"}],"wp:attachment":[{"href":"https:\/\/cristorey-fundacion.com\/index.php\/wp-json\/wp\/v2\/media?parent=658"}],"curies":[{"name":"wp","href":"https:\/\/api.w.org\/{rel}","templated":true}]}}